{"id":49,"date":"2019-03-30T14:46:54","date_gmt":"2019-03-30T13:46:54","guid":{"rendered":"http:\/\/psicotecnicospiedrabuena.com\/?page_id=49"},"modified":"2021-02-17T11:49:09","modified_gmt":"2021-02-17T10:49:09","slug":"servicio-a-cazadores","status":"publish","type":"page","link":"https:\/\/psicotecnicospiedrabuena.com\/index.php\/servicios\/servicio-a-cazadores\/","title":{"rendered":"Servicio a Cazadores"},"content":{"rendered":"<p style=\"text-align: center;\">\r\n\t<div class=\"slideshow_container slideshow_container_style-light\" style=\"height: 250px; \" data-slideshow-id=\"21\" data-style-name=\"style-light\" data-style-version=\"2.3.1\" >\r\n\r\n\t\t\r\n\t\t<div class=\"slideshow_content\" style=\"display: none;\">\r\n\r\n\t\t\t<div class=\"slideshow_view\">\r\n\t\t\t\t<div class=\"slideshow_slide slideshow_slide_image\">\r\n\t\t\t\t\t\t\t\t\t\t\t<img src=\"https:\/\/psicotecnicospiedrabuena.com\/wp-content\/uploads\/2021\/02\/Captura-de-pantalla-2021-02-16-a-las-16.45.28.png\" alt=\"psicotecnicos piedrabuena\" width=\"1084\" height=\"437\" \/>\r\n\t\t\t\t\t\t\t\t\t\t<div class=\"slideshow_description_box slideshow_transparent\">\r\n\t\t\t\t\t\t<div class=\"slideshow_title\">psicotecnicos piedrabuena<\/div>\t\t\t\t\t\t\t\t\t\t\t<\/div>\r\n\t\t\t\t<\/div>\r\n\r\n\t\t\t\t\t\t<div style=\"clear: both;\"><\/div><\/div><div class=\"slideshow_view\">\r\n\t\t\t\t<div class=\"slideshow_slide slideshow_slide_image\">\r\n\t\t\t\t\t\t\t\t\t\t\t<img src=\"https:\/\/psicotecnicospiedrabuena.com\/wp-content\/uploads\/2019\/03\/servicio-a-conductores.jpg\" alt=\"servicio a conductores\" width=\"900\" height=\"363\" \/>\r\n\t\t\t\t\t\t\t\t\t\t<div class=\"slideshow_description_box slideshow_transparent\">\r\n\t\t\t\t\t\t<div class=\"slideshow_title\">servicio a conductores<\/div>\t\t\t\t\t\t\t\t\t\t\t<\/div>\r\n\t\t\t\t<\/div>\r\n\r\n\t\t\t\t\t\t<div style=\"clear: both;\"><\/div><\/div><div class=\"slideshow_view\">\r\n\t\t\t\t<div class=\"slideshow_slide slideshow_slide_image\">\r\n\t\t\t\t\t\t\t\t\t\t\t<img src=\"https:\/\/psicotecnicospiedrabuena.com\/wp-content\/uploads\/2019\/03\/cazadores.jpg\" alt=\"cazadores\" width=\"900\" height=\"363\" \/>\r\n\t\t\t\t\t\t\t\t\t\t<div class=\"slideshow_description_box slideshow_transparent\">\r\n\t\t\t\t\t\t<div class=\"slideshow_title\">cazadores<\/div>\t\t\t\t\t\t\t\t\t\t\t<\/div>\r\n\t\t\t\t<\/div>\r\n\r\n\t\t\t\t\t\t<div style=\"clear: both;\"><\/div><\/div><div class=\"slideshow_view\">\r\n\t\t\t\t<div class=\"slideshow_slide slideshow_slide_image\">\r\n\t\t\t\t\t\t\t\t\t\t\t<img src=\"https:\/\/psicotecnicospiedrabuena.com\/wp-content\/uploads\/2019\/03\/animales-peligrosos.jpg\" alt=\"animales peligrosos\" width=\"900\" height=\"363\" \/>\r\n\t\t\t\t\t\t\t\t\t\t<div class=\"slideshow_description_box slideshow_transparent\">\r\n\t\t\t\t\t\t<div class=\"slideshow_title\">animales peligrosos<\/div>\t\t\t\t\t\t\t\t\t\t\t<\/div>\r\n\t\t\t\t<\/div>\r\n\r\n\t\t\t\t\t\t<div style=\"clear: both;\"><\/div><\/div><div class=\"slideshow_view\">\r\n\t\t\t\t<div class=\"slideshow_slide slideshow_slide_image\">\r\n\t\t\t\t\t\t\t\t\t\t\t<img src=\"https:\/\/psicotecnicospiedrabuena.com\/wp-content\/uploads\/2019\/03\/vigilante-de-seguridad.jpg\" alt=\"vigilante de seguridad\" width=\"900\" height=\"363\" \/>\r\n\t\t\t\t\t\t\t\t\t\t<div class=\"slideshow_description_box slideshow_transparent\">\r\n\t\t\t\t\t\t<div class=\"slideshow_title\">vigilante de seguridad<\/div>\t\t\t\t\t\t\t\t\t\t\t<\/div>\r\n\t\t\t\t<\/div>\r\n\r\n\t\t\t\t\t\t<div style=\"clear: both;\"><\/div><\/div><div class=\"slideshow_view\">\r\n\t\t\t\t<div class=\"slideshow_slide slideshow_slide_image\">\r\n\t\t\t\t\t\t\t\t\t\t\t<img src=\"https:\/\/psicotecnicospiedrabuena.com\/wp-content\/uploads\/2019\/03\/grua.jpg\" alt=\"grua\" width=\"900\" height=\"363\" \/>\r\n\t\t\t\t\t\t\t\t\t\t<div class=\"slideshow_description_box slideshow_transparent\">\r\n\t\t\t\t\t\t<div class=\"slideshow_title\">grua<\/div>\t\t\t\t\t\t\t\t\t\t\t<\/div>\r\n\t\t\t\t<\/div>\r\n\r\n\t\t\t\t\t\t<div style=\"clear: both;\"><\/div><\/div>\r\n\t\t<\/div>\r\n\r\n\t\t<div class=\"slideshow_controlPanel slideshow_transparent\" style=\"display: none;\"><ul><li class=\"slideshow_togglePlay\" data-play-text=\"Play\" data-pause-text=\"Pause\"><\/li><\/ul><\/div>\r\n\r\n\t\t<div class=\"slideshow_button slideshow_previous slideshow_transparent\" role=\"button\" data-previous-text=\"Previous\" style=\"display: none;\"><\/div>\r\n\t\t<div class=\"slideshow_button slideshow_next slideshow_transparent\" role=\"button\" data-next-text=\"Next\" style=\"display: none;\"><\/div>\r\n\r\n\t\t<div class=\"slideshow_pagination\" style=\"display: none;\" data-go-to-text=\"Go to slide\"><div class=\"slideshow_pagination_center\"><\/div><\/div>\r\n\r\n\t\t<!-- WordPress Slideshow Version 2.3.1 -->\r\n\r\n\t\t\t<\/div>\r\n\r\n<\/p>\n<h4 style=\"text-align: center;\"><span style=\"color: #0088cc;\"><strong>Psicot\u00e9cnicos Piedrabuena<\/strong><\/span>,\u00a0<strong>Centro Oficial de Reconocimiento M\u00e9dico de Conductores y Cazadores<br \/>\n<\/strong><strong>Autorizado por la Direcci\u00f3n General de Tr\u00e1fico (N\u00ba CR-0059)<\/strong><\/h4>\n<p style=\"text-align: justify;\">Seg\u00fan la legislaci\u00f3n vigente, nadie podr\u00e1 portar o poseer armas de fuego en territorio espa\u00f1ol sin disponer de la correspondiente autorizaci\u00f3n administrativa.<\/p>\n<p style=\"text-align: justify;\">En\u00a0<span style=\"color: #0088cc;\"><strong>Psicot\u00e9cnicos Piedrabuena<\/strong><\/span>, se le realizar\u00e1n las\u00a0<strong>fotograf\u00edas<\/strong>\u00a0y las\u00a0<strong>pruebas de aptitud psicof\u00edsicas<\/strong>\u00a0para la\u00a0<strong>obtenci\u00f3n o renovaci\u00f3n del permiso de armas<\/strong>, proporcion\u00e1ndole el\u00a0<strong>Certificado<\/strong>\u00a0necesario para su tramitaci\u00f3n en el Cuartel de la\u00a0<strong>Guardia Civil<\/strong>.<\/p>\n<p style=\"text-align: justify;\">Para la\u00a0<strong>obtenci\u00f3n o renovaci\u00f3n del permiso de armas<\/strong>, deber\u00e1 presentar su\u00a0<strong>DNI o Tarjeta de Residencia en vigor<\/strong>\u00a0y su\u00a0<strong>Permiso de Armas<\/strong>, en caso de renovaci\u00f3n.<\/p>\n<p><img data-attachment-id=\"32\" data-permalink=\"https:\/\/psicotecnicospiedrabuena.com\/index.php\/servicios\/caza200\/#main\" data-orig-file=\"https:\/\/psicotecnicospiedrabuena.com\/wp-content\/uploads\/2019\/03\/caza200.jpg\" data-orig-size=\"200,200\" data-comments-opened=\"1\" data-image-meta=\"{&quot;aperture&quot;:&quot;0&quot;,&quot;credit&quot;:&quot;&quot;,&quot;camera&quot;:&quot;&quot;,&quot;caption&quot;:&quot;&quot;,&quot;created_timestamp&quot;:&quot;0&quot;,&quot;copyright&quot;:&quot;&quot;,&quot;focal_length&quot;:&quot;0&quot;,&quot;iso&quot;:&quot;0&quot;,&quot;shutter_speed&quot;:&quot;0&quot;,&quot;title&quot;:&quot;&quot;,&quot;orientation&quot;:&quot;0&quot;}\" data-image-title=\"caza200\" data-image-description=\"\" data-medium-file=\"https:\/\/psicotecnicospiedrabuena.com\/wp-content\/uploads\/2019\/03\/caza200.jpg\" data-large-file=\"https:\/\/psicotecnicospiedrabuena.com\/wp-content\/uploads\/2019\/03\/caza200.jpg\" loading=\"lazy\" class=\"aligncenter size-full wp-image-32\" src=\"http:\/\/psicotecnicospiedrabuena.com\/wp-content\/uploads\/2019\/03\/caza200.jpg\" alt=\"\" width=\"200\" height=\"200\" srcset=\"https:\/\/psicotecnicospiedrabuena.com\/wp-content\/uploads\/2019\/03\/caza200.jpg 200w, https:\/\/psicotecnicospiedrabuena.com\/wp-content\/uploads\/2019\/03\/caza200-150x150.jpg 150w\" sizes=\"(max-width: 200px) 100vw, 200px\" \/><\/p>\n","protected":false},"excerpt":{"rendered":"<p>Psicot\u00e9cnicos Piedrabuena,\u00a0Centro Oficial de Reconocimiento M\u00e9dico de Conductores y Cazadores Autorizado por la Direcci\u00f3n General de Tr\u00e1fico (N\u00ba CR-0059) Seg\u00fan la legislaci\u00f3n vigente, nadie podr\u00e1 portar o poseer armas de <a class=\"more-link\" href=\"https:\/\/psicotecnicospiedrabuena.com\/index.php\/servicios\/servicio-a-cazadores\/\">Continuar Leyendo \u2192<\/a><\/p>\n","protected":false},"author":2,"featured_media":0,"parent":20,"menu_order":2,"comment_status":"closed","ping_status":"closed","template":"","meta":{"spay_email":""},"jetpack_sharing_enabled":true,"jetpack_shortlink":"https:\/\/wp.me\/PaR2RI-N","jetpack-related-posts":[{"id":20,"url":"https:\/\/psicotecnicospiedrabuena.com\/index.php\/servicios\/","url_meta":{"origin":49,"position":0},"title":"Servicios","date":"30 marzo, 2019","format":false,"excerpt":"Servicio a Conductores En\u00a0Psicot\u00e9cnicos Piedrabuena, podr\u00e1 realizar el reconocimiento m\u00e9dico para la\u00a0obtenci\u00f3n o renovaci\u00f3n de cualquier clase de permiso de conducir, para lo cual simplemente tendr\u00e1 que presentar su\u00a0DNI o Tarjeta de Residencia en vigor\u00a0y su\u00a0Permiso de conducir, en caso de renovaci\u00f3n. Servicios a Cazadores En\u00a0Psicot\u00e9cnicos Piedrabuena, se le realizar\u00e1n\u2026","rel":"","context":"Entrada similar","img":{"alt_text":"","src":"https:\/\/i0.wp.com\/psicotecnicospiedrabuena.com\/wp-content\/uploads\/2019\/03\/carnet-200.jpg?resize=350%2C200","width":350,"height":200},"classes":[]},{"id":35,"url":"https:\/\/psicotecnicospiedrabuena.com\/","url_meta":{"origin":49,"position":1},"title":"Bienvenidos a Psicot\u00e9cnicos Piedrabuena","date":"30 marzo, 2019","format":false,"excerpt":"Psicot\u00e9cnicos Piedrabuena,\u00a0Centro Oficial de Reconocimiento M\u00e9dico de Conductores y Cazadores Autorizado por la Direcci\u00f3n General de Tr\u00e1fico (N\u00ba CR-0059) \u00bfQu\u00e9 hacemos?. Reconocimientos m\u00e9dicos para\u00a0conductores y cazadores. Pr\u00f3rrogas, renovaciones, primera obtenci\u00f3n, etc. Todos los permisos y licencias de\u00a0conducir y armas. Tambi\u00e9n reconocimientos para los permisos y licencias de\u00a0gr\u00faas, tenencia de\u00a0animales potencialmente\u2026","rel":"","context":"Entrada similar","img":{"alt_text":"","src":"https:\/\/i1.wp.com\/psicotecnicospiedrabuena.com\/wp-content\/uploads\/2021\/02\/Captura-de-pantalla-2021-02-16-a-las-16.45.28.png?resize=350%2C200","width":350,"height":200},"classes":[]},{"id":53,"url":"https:\/\/psicotecnicospiedrabuena.com\/index.php\/servicios\/otros-servicios\/","url_meta":{"origin":49,"position":2},"title":"Otros Servicios","date":"30 marzo, 2019","format":false,"excerpt":"Psicot\u00e9cnicos Piedrabuena,\u00a0Centro Oficial de Reconocimiento M\u00e9dico de Conductores y Cazadores Autorizado por la Direcci\u00f3n General de Tr\u00e1fico (N\u00ba CR-0059) . Licencia de Tenencia de Animales Potencialmente Peligrosos En\u00a0Psicot\u00e9cnicos Piedrabuena\u00a0podr\u00e1\u00a0obtener o renovar\u00a0su\u00a0licencia de tenencia de animales potencialmente peligrosos, para lo cual le realizaremos una exploraci\u00f3n m\u00e9dica general, una exploraci\u00f3n oftalmol\u00f3gica general\u2026","rel":"","context":"Entrada similar","img":{"alt_text":"","src":"","width":0,"height":0},"classes":[]},{"id":46,"url":"https:\/\/psicotecnicospiedrabuena.com\/index.php\/servicios\/servicio-a-conductores\/","url_meta":{"origin":49,"position":3},"title":"Servicio a Conductores","date":"30 marzo, 2019","format":false,"excerpt":"Psicot\u00e9cnicos Piedrabuena,\u00a0Centro Oficial de Reconocimiento M\u00e9dico de Conductores y Cazadores Autorizado por la Direcci\u00f3n General de Tr\u00e1fico (N\u00ba CR-0059) . Hace unos a\u00f1os, renovar el carnet de conducir era un tr\u00e1mite que necesitaba de varios desplazamientos, engorroso papeleo y de una tramitaci\u00f3n lenta. A partir de la entrada en vigor\u2026","rel":"","context":"Entrada similar","img":{"alt_text":"","src":"https:\/\/i0.wp.com\/psicotecnicospiedrabuena.com\/wp-content\/uploads\/2019\/03\/carnet-200.jpg?resize=350%2C200","width":350,"height":200},"classes":[]},{"id":76,"url":"https:\/\/psicotecnicospiedrabuena.com\/index.php\/preguntas-frecuentes\/","url_meta":{"origin":49,"position":4},"title":"Preguntas Frecuentes","date":"30 marzo, 2019","format":false,"excerpt":"\u00bfCu\u00e1l es la vigencia de mi carn\u00e9 de conducir? El permiso de conducci\u00f3n de las clases\u00a0BTP, C1, C1 + E, C, C + E, D1, D1 + E, D y D + E\u00a0tendr\u00e1 un per\u00edodo de\u00a0vigencia de cinco a\u00f1os\u00a0mientras su titular no cumpla los\u00a0sesenta y cinco a\u00f1os\u00a0y de\u00a0tres a\u00f1os\u00a0a partir\u2026","rel":"","context":"Entrada similar","img":{"alt_text":"","src":"","width":0,"height":0},"classes":[]},{"id":81,"url":"https:\/\/psicotecnicospiedrabuena.com\/index.php\/enlaces-de-interes\/","url_meta":{"origin":49,"position":5},"title":"Enlaces de Inter\u00e9s","date":"30 marzo, 2019","format":false,"excerpt":"Enlaces de Inter\u00e9s: Direcci\u00f3n General de Tr\u00e1fico Oficina de Atenci\u00f3n al Ciudadano de la Guardia Civil Revista Seguridad Vial Consulta Saldo de Puntos Carn\u00e9 de Conducir Enlaces Amigos: En\u00a0Psicot\u00e9cnicos Piedrabuena, hemos tomado como iniciativa acoger en nuestra web de forma totalmente gratuita y con \u00e1nimo de colaboraci\u00f3n, a todas aquellas\u2026","rel":"","context":"Entrada similar","img":{"alt_text":"","src":"","width":0,"height":0},"classes":[]}],"_links":{"self":[{"href":"https:\/\/psicotecnicospiedrabuena.com\/index.php\/wp-json\/wp\/v2\/pages\/49"}],"collection":[{"href":"https:\/\/psicotecnicospiedrabuena.com\/index.php\/wp-json\/wp\/v2\/pages"}],"about":[{"href":"https:\/\/psicotecnicospiedrabuena.com\/index.php\/wp-json\/wp\/v2\/types\/page"}],"author":[{"embeddable":true,"href":"https:\/\/psicotecnicospiedrabuena.com\/index.php\/wp-json\/wp\/v2\/users\/2"}],"replies":[{"embeddable":true,"href":"https:\/\/psicotecnicospiedrabuena.com\/index.php\/wp-json\/wp\/v2\/comments?post=49"}],"version-history":[{"count":7,"href":"https:\/\/psicotecnicospiedrabuena.com\/index.php\/wp-json\/wp\/v2\/pages\/49\/revisions"}],"predecessor-version":[{"id":159,"href":"https:\/\/psicotecnicospiedrabuena.com\/index.php\/wp-json\/wp\/v2\/pages\/49\/revisions\/159"}],"up":[{"embeddable":true,"href":"https:\/\/psicotecnicospiedrabuena.com\/index.php\/wp-json\/wp\/v2\/pages\/20"}],"wp:attachment":[{"href":"https:\/\/psicotecnicospiedrabuena.com\/index.php\/wp-json\/wp\/v2\/media?parent=49"}],"curies":[{"name":"wp","href":"https:\/\/api.w.org\/{rel}","templated":true}]}}