{"id":65,"date":"2019-03-30T17:19:03","date_gmt":"2019-03-30T16:19:03","guid":{"rendered":"http:\/\/psicotecnicospiedrabuena.com\/?page_id=65"},"modified":"2021-02-17T11:50:01","modified_gmt":"2021-02-17T10:50:01","slug":"horarios","status":"publish","type":"page","link":"https:\/\/psicotecnicospiedrabuena.com\/index.php\/horarios\/","title":{"rendered":"Horarios"},"content":{"rendered":"<p style=\"text-align: center;\">\r\n\t<div class=\"slideshow_container slideshow_container_style-light\" style=\"height: 247px; \" data-slideshow-id=\"64\" data-style-name=\"style-light\" data-style-version=\"2.3.1\" >\r\n\r\n\t\t\r\n\t\t<div class=\"slideshow_content\" style=\"display: none;\">\r\n\r\n\t\t\t<div class=\"slideshow_view\">\r\n\t\t\t\t<div class=\"slideshow_slide slideshow_slide_image\">\r\n\t\t\t\t\t\t\t\t\t\t\t<img src=\"https:\/\/psicotecnicospiedrabuena.com\/wp-content\/uploads\/2019\/03\/002.jpg\" alt=\"002\" width=\"900\" height=\"247\" \/>\r\n\t\t\t\t\t\t\t\t\t\t<div class=\"slideshow_description_box slideshow_transparent\">\r\n\t\t\t\t\t\t<div class=\"slideshow_title\">002<\/div>\t\t\t\t\t\t\t\t\t\t\t<\/div>\r\n\t\t\t\t<\/div>\r\n\r\n\t\t\t\t\t\t<div style=\"clear: both;\"><\/div><\/div><div class=\"slideshow_view\">\r\n\t\t\t\t<div class=\"slideshow_slide slideshow_slide_image\">\r\n\t\t\t\t\t\t\t\t\t\t\t<img src=\"https:\/\/psicotecnicospiedrabuena.com\/wp-content\/uploads\/2019\/03\/003.jpg\" alt=\"003\" width=\"900\" height=\"247\" \/>\r\n\t\t\t\t\t\t\t\t\t\t<div class=\"slideshow_description_box slideshow_transparent\">\r\n\t\t\t\t\t\t<div class=\"slideshow_title\">003<\/div>\t\t\t\t\t\t\t\t\t\t\t<\/div>\r\n\t\t\t\t<\/div>\r\n\r\n\t\t\t\t\t\t<div style=\"clear: both;\"><\/div><\/div><div class=\"slideshow_view\">\r\n\t\t\t\t<div class=\"slideshow_slide slideshow_slide_image\">\r\n\t\t\t\t\t\t\t\t\t\t\t<img src=\"https:\/\/psicotecnicospiedrabuena.com\/wp-content\/uploads\/2019\/03\/004.jpg\" alt=\"004\" width=\"900\" height=\"247\" \/>\r\n\t\t\t\t\t\t\t\t\t\t<div class=\"slideshow_description_box slideshow_transparent\">\r\n\t\t\t\t\t\t<div class=\"slideshow_title\">004<\/div>\t\t\t\t\t\t\t\t\t\t\t<\/div>\r\n\t\t\t\t<\/div>\r\n\r\n\t\t\t\t\t\t<div style=\"clear: both;\"><\/div><\/div><div class=\"slideshow_view\">\r\n\t\t\t\t<div class=\"slideshow_slide slideshow_slide_image\">\r\n\t\t\t\t\t\t\t\t\t\t\t<img src=\"https:\/\/psicotecnicospiedrabuena.com\/wp-content\/uploads\/2019\/03\/005.jpg\" alt=\"005\" width=\"900\" height=\"247\" \/>\r\n\t\t\t\t\t\t\t\t\t\t<div class=\"slideshow_description_box slideshow_transparent\">\r\n\t\t\t\t\t\t<div class=\"slideshow_title\">005<\/div>\t\t\t\t\t\t\t\t\t\t\t<\/div>\r\n\t\t\t\t<\/div>\r\n\r\n\t\t\t\t\t\t<div style=\"clear: both;\"><\/div><\/div>\r\n\t\t<\/div>\r\n\r\n\t\t<div class=\"slideshow_controlPanel slideshow_transparent\" style=\"display: none;\"><ul><li class=\"slideshow_togglePlay\" data-play-text=\"Play\" data-pause-text=\"Pause\"><\/li><\/ul><\/div>\r\n\r\n\t\t<div class=\"slideshow_button slideshow_previous slideshow_transparent\" role=\"button\" data-previous-text=\"Previous\" style=\"display: none;\"><\/div>\r\n\t\t<div class=\"slideshow_button slideshow_next slideshow_transparent\" role=\"button\" data-next-text=\"Next\" style=\"display: none;\"><\/div>\r\n\r\n\t\t<div class=\"slideshow_pagination\" style=\"display: none;\" data-go-to-text=\"Go to slide\"><div class=\"slideshow_pagination_center\"><\/div><\/div>\r\n\r\n\t\t<!-- WordPress Slideshow Version 2.3.1 -->\r\n\r\n\t\t\t<\/div>\r\n\r\n<\/p>\n<p>&nbsp;<\/p>\n<h4 style=\"text-align: center;\">Estamos abiertos<strong> todos los s\u00e1bados<\/strong>,\u00a0<strong>desde las <span style=\"color: #0088cc;\">9:30 h. a 13:00 h.<\/span><br \/>\n<\/strong>Si lo deseas, podemos darte<strong>\u00a0cita previa<\/strong>\u00a0llamando al\u00a0<strong>tel\u00e9fono<\/strong><\/h4>\n<h1 style=\"text-align: center;\"><strong><span style=\"color: #0088cc;\">633 730 750<\/span><\/strong><\/h1>\n","protected":false},"excerpt":{"rendered":"<p>&nbsp; Estamos abiertos todos los s\u00e1bados,\u00a0desde las 9:30 h. a 13:00 h. Si lo deseas, podemos darte\u00a0cita previa\u00a0llamando al\u00a0tel\u00e9fono 633 730 750<\/p>\n","protected":false},"author":2,"featured_media":0,"parent":0,"menu_order":3,"comment_status":"closed","ping_status":"closed","template":"","meta":{"spay_email":""},"jetpack_sharing_enabled":true,"jetpack_shortlink":"https:\/\/wp.me\/PaR2RI-13","jetpack-related-posts":[{"id":35,"url":"https:\/\/psicotecnicospiedrabuena.com\/","url_meta":{"origin":65,"position":0},"title":"Bienvenidos a Psicot\u00e9cnicos Piedrabuena","date":"30 marzo, 2019","format":false,"excerpt":"Psicot\u00e9cnicos Piedrabuena,\u00a0Centro Oficial de Reconocimiento M\u00e9dico de Conductores y Cazadores Autorizado por la Direcci\u00f3n General de Tr\u00e1fico (N\u00ba CR-0059) \u00bfQu\u00e9 hacemos?. Reconocimientos m\u00e9dicos para\u00a0conductores y cazadores. Pr\u00f3rrogas, renovaciones, primera obtenci\u00f3n, etc. Todos los permisos y licencias de\u00a0conducir y armas. Tambi\u00e9n reconocimientos para los permisos y licencias de\u00a0gr\u00faas, tenencia de\u00a0animales potencialmente\u2026","rel":"","context":"Entrada similar","img":{"alt_text":"","src":"https:\/\/i1.wp.com\/psicotecnicospiedrabuena.com\/wp-content\/uploads\/2021\/02\/Captura-de-pantalla-2021-02-16-a-las-16.45.28.png?resize=350%2C200","width":350,"height":200},"classes":[]}],"_links":{"self":[{"href":"https:\/\/psicotecnicospiedrabuena.com\/index.php\/wp-json\/wp\/v2\/pages\/65"}],"collection":[{"href":"https:\/\/psicotecnicospiedrabuena.com\/index.php\/wp-json\/wp\/v2\/pages"}],"about":[{"href":"https:\/\/psicotecnicospiedrabuena.com\/index.php\/wp-json\/wp\/v2\/types\/page"}],"author":[{"embeddable":true,"href":"https:\/\/psicotecnicospiedrabuena.com\/index.php\/wp-json\/wp\/v2\/users\/2"}],"replies":[{"embeddable":true,"href":"https:\/\/psicotecnicospiedrabuena.com\/index.php\/wp-json\/wp\/v2\/comments?post=65"}],"version-history":[{"count":5,"href":"https:\/\/psicotecnicospiedrabuena.com\/index.php\/wp-json\/wp\/v2\/pages\/65\/revisions"}],"predecessor-version":[{"id":161,"href":"https:\/\/psicotecnicospiedrabuena.com\/index.php\/wp-json\/wp\/v2\/pages\/65\/revisions\/161"}],"wp:attachment":[{"href":"https:\/\/psicotecnicospiedrabuena.com\/index.php\/wp-json\/wp\/v2\/media?parent=65"}],"curies":[{"name":"wp","href":"https:\/\/api.w.org\/{rel}","templated":true}]}}