{"id":81,"date":"2019-03-30T21:19:20","date_gmt":"2019-03-30T20:19:20","guid":{"rendered":"http:\/\/psicotecnicospiedrabuena.com\/?page_id=81"},"modified":"2021-02-17T11:53:06","modified_gmt":"2021-02-17T10:53:06","slug":"enlaces-de-interes","status":"publish","type":"page","link":"https:\/\/psicotecnicospiedrabuena.com\/index.php\/enlaces-de-interes\/","title":{"rendered":"Enlaces de Inter\u00e9s"},"content":{"rendered":"<p style=\"text-align: center;\">\r\n\t<div class=\"slideshow_container slideshow_container_style-light\" style=\"height: 247px; \" data-slideshow-id=\"64\" data-style-name=\"style-light\" data-style-version=\"2.3.1\" >\r\n\r\n\t\t\r\n\t\t<div class=\"slideshow_content\" style=\"display: none;\">\r\n\r\n\t\t\t<div class=\"slideshow_view\">\r\n\t\t\t\t<div class=\"slideshow_slide slideshow_slide_image\">\r\n\t\t\t\t\t\t\t\t\t\t\t<img src=\"https:\/\/psicotecnicospiedrabuena.com\/wp-content\/uploads\/2019\/03\/002.jpg\" alt=\"002\" width=\"900\" height=\"247\" \/>\r\n\t\t\t\t\t\t\t\t\t\t<div class=\"slideshow_description_box slideshow_transparent\">\r\n\t\t\t\t\t\t<div class=\"slideshow_title\">002<\/div>\t\t\t\t\t\t\t\t\t\t\t<\/div>\r\n\t\t\t\t<\/div>\r\n\r\n\t\t\t\t\t\t<div style=\"clear: both;\"><\/div><\/div><div class=\"slideshow_view\">\r\n\t\t\t\t<div class=\"slideshow_slide slideshow_slide_image\">\r\n\t\t\t\t\t\t\t\t\t\t\t<img src=\"https:\/\/psicotecnicospiedrabuena.com\/wp-content\/uploads\/2019\/03\/003.jpg\" alt=\"003\" width=\"900\" height=\"247\" \/>\r\n\t\t\t\t\t\t\t\t\t\t<div class=\"slideshow_description_box slideshow_transparent\">\r\n\t\t\t\t\t\t<div class=\"slideshow_title\">003<\/div>\t\t\t\t\t\t\t\t\t\t\t<\/div>\r\n\t\t\t\t<\/div>\r\n\r\n\t\t\t\t\t\t<div style=\"clear: both;\"><\/div><\/div><div class=\"slideshow_view\">\r\n\t\t\t\t<div class=\"slideshow_slide slideshow_slide_image\">\r\n\t\t\t\t\t\t\t\t\t\t\t<img src=\"https:\/\/psicotecnicospiedrabuena.com\/wp-content\/uploads\/2019\/03\/004.jpg\" alt=\"004\" width=\"900\" height=\"247\" \/>\r\n\t\t\t\t\t\t\t\t\t\t<div class=\"slideshow_description_box slideshow_transparent\">\r\n\t\t\t\t\t\t<div class=\"slideshow_title\">004<\/div>\t\t\t\t\t\t\t\t\t\t\t<\/div>\r\n\t\t\t\t<\/div>\r\n\r\n\t\t\t\t\t\t<div style=\"clear: both;\"><\/div><\/div><div class=\"slideshow_view\">\r\n\t\t\t\t<div class=\"slideshow_slide slideshow_slide_image\">\r\n\t\t\t\t\t\t\t\t\t\t\t<img src=\"https:\/\/psicotecnicospiedrabuena.com\/wp-content\/uploads\/2019\/03\/005.jpg\" alt=\"005\" width=\"900\" height=\"247\" \/>\r\n\t\t\t\t\t\t\t\t\t\t<div class=\"slideshow_description_box slideshow_transparent\">\r\n\t\t\t\t\t\t<div class=\"slideshow_title\">005<\/div>\t\t\t\t\t\t\t\t\t\t\t<\/div>\r\n\t\t\t\t<\/div>\r\n\r\n\t\t\t\t\t\t<div style=\"clear: both;\"><\/div><\/div>\r\n\t\t<\/div>\r\n\r\n\t\t<div class=\"slideshow_controlPanel slideshow_transparent\" style=\"display: none;\"><ul><li class=\"slideshow_togglePlay\" data-play-text=\"Play\" data-pause-text=\"Pause\"><\/li><\/ul><\/div>\r\n\r\n\t\t<div class=\"slideshow_button slideshow_previous slideshow_transparent\" role=\"button\" data-previous-text=\"Previous\" style=\"display: none;\"><\/div>\r\n\t\t<div class=\"slideshow_button slideshow_next slideshow_transparent\" role=\"button\" data-next-text=\"Next\" style=\"display: none;\"><\/div>\r\n\r\n\t\t<div class=\"slideshow_pagination\" style=\"display: none;\" data-go-to-text=\"Go to slide\"><div class=\"slideshow_pagination_center\"><\/div><\/div>\r\n\r\n\t\t<!-- WordPress Slideshow Version 2.3.1 -->\r\n\r\n\t\t\t<\/div>\r\n\r\n<\/p>\n<h4 style=\"text-align: left;\"><span style=\"color: #0088cc;\"><strong>Enlaces de Inter\u00e9s:<\/strong><\/span><\/h4>\n<ul>\n<li>\n<h4><a title=\"Web de la Direcci\u00f3n General de Tr\u00e1fico\" href=\"http:\/\/www.dgt.es\/es\/\" target=\"_blank\" rel=\"noopener noreferrer\"><span style=\"color: #0088cc;\">Direcci\u00f3n General de Tr\u00e1fico<\/span><\/a><\/h4>\n<\/li>\n<li>\n<h4><a title=\"Web Oficina de Atenci\u00f3n al Ciudadano de la Guardia Civil\" href=\"http:\/\/www.guardiacivil.es\/es\/servicios\/atencionciudadano_1\/\" target=\"_blank\" rel=\"noopener noreferrer\"><span style=\"color: #0088cc;\">Oficina de Atenci\u00f3n al Ciudadano de la Guardia Civil<\/span><\/a><\/h4>\n<\/li>\n<li>\n<h4><a title=\"Web Revista Tr\u00e1fico y Seguridad Vial de la Direcci\u00f3n General de Tr\u00e1fico\" href=\"http:\/\/revista.dgt.es\/es\/\" target=\"_blank\" rel=\"noopener noreferrer\"><span style=\"color: #0088cc;\">Revista Seguridad Vial<\/span><\/a><\/h4>\n<\/li>\n<li>\n<h4><a title=\"Web Consulta Saldo de Puntos Carn\u00e9 de Conducir\" href=\"https:\/\/sede.dgt.gob.es\/es\/permisos-de-conducir\/consulta-tus-puntos\/\" target=\"_blank\" rel=\"noopener noreferrer\"><span style=\"color: #0088cc;\">Consulta Saldo de Puntos Carn\u00e9 de Conducir<\/span><\/a><\/h4>\n<h4><\/h4>\n<\/li>\n<\/ul>\n<h4><span style=\"color: #0088cc;\"><strong>Enlaces Amigos:<\/strong><\/span><\/h4>\n<p style=\"text-align: justify;\">En\u00a0<span style=\"color: #0088cc;\"><strong>Psicot\u00e9cnicos Piedrabuena<\/strong><\/span>, hemos tomado como iniciativa acoger en nuestra web de forma totalmente gratuita y con \u00e1nimo de colaboraci\u00f3n, a todas aquellas asociaciones de Herencia y comarca que quieran darse a conocer entre nuestros visitantes, y as\u00ed aportar nuestro peque\u00f1o grano de arena, para que se conozca la vida y aficiones de nuestra gente.<\/p>\n<ul>\n<li><a href=\"http:\/\/www.piedrabuena.es\/\" target=\"_blank\" rel=\"noopener noreferrer\">Ayuntamiento de Piedrabuena<\/a><\/li>\n<\/ul>\n","protected":false},"excerpt":{"rendered":"<p>Enlaces de Inter\u00e9s: Direcci\u00f3n General de Tr\u00e1fico Oficina de Atenci\u00f3n al Ciudadano de la Guardia Civil Revista Seguridad Vial Consulta Saldo de Puntos Carn\u00e9 de Conducir Enlaces Amigos: En\u00a0Psicot\u00e9cnicos Piedrabuena, <a class=\"more-link\" href=\"https:\/\/psicotecnicospiedrabuena.com\/index.php\/enlaces-de-interes\/\">Continuar Leyendo \u2192<\/a><\/p>\n","protected":false},"author":2,"featured_media":0,"parent":0,"menu_order":7,"comment_status":"closed","ping_status":"closed","template":"","meta":{"spay_email":""},"jetpack_sharing_enabled":true,"jetpack_shortlink":"https:\/\/wp.me\/PaR2RI-1j","jetpack-related-posts":[],"_links":{"self":[{"href":"https:\/\/psicotecnicospiedrabuena.com\/index.php\/wp-json\/wp\/v2\/pages\/81"}],"collection":[{"href":"https:\/\/psicotecnicospiedrabuena.com\/index.php\/wp-json\/wp\/v2\/pages"}],"about":[{"href":"https:\/\/psicotecnicospiedrabuena.com\/index.php\/wp-json\/wp\/v2\/types\/page"}],"author":[{"embeddable":true,"href":"https:\/\/psicotecnicospiedrabuena.com\/index.php\/wp-json\/wp\/v2\/users\/2"}],"replies":[{"embeddable":true,"href":"https:\/\/psicotecnicospiedrabuena.com\/index.php\/wp-json\/wp\/v2\/comments?post=81"}],"version-history":[{"count":6,"href":"https:\/\/psicotecnicospiedrabuena.com\/index.php\/wp-json\/wp\/v2\/pages\/81\/revisions"}],"predecessor-version":[{"id":164,"href":"https:\/\/psicotecnicospiedrabuena.com\/index.php\/wp-json\/wp\/v2\/pages\/81\/revisions\/164"}],"wp:attachment":[{"href":"https:\/\/psicotecnicospiedrabuena.com\/index.php\/wp-json\/wp\/v2\/media?parent=81"}],"curies":[{"name":"wp","href":"https:\/\/api.w.org\/{rel}","templated":true}]}}