{"id":83,"date":"2019-03-30T21:21:44","date_gmt":"2019-03-30T20:21:44","guid":{"rendered":"http:\/\/psicotecnicospiedrabuena.com\/?page_id=83"},"modified":"2021-02-16T17:02:41","modified_gmt":"2021-02-16T16:02:41","slug":"contacto","status":"publish","type":"page","link":"https:\/\/psicotecnicospiedrabuena.com\/index.php\/contacto\/","title":{"rendered":"Contacto"},"content":{"rendered":"<p style=\"text-align: center;\">\r\n\t<div class=\"slideshow_container slideshow_container_style-light\" style=\"height: 247px; \" data-slideshow-id=\"64\" data-style-name=\"style-light\" data-style-version=\"2.3.1\" >\r\n\r\n\t\t\r\n\t\t<div class=\"slideshow_content\" style=\"display: none;\">\r\n\r\n\t\t\t<div class=\"slideshow_view\">\r\n\t\t\t\t<div class=\"slideshow_slide slideshow_slide_image\">\r\n\t\t\t\t\t\t\t\t\t\t\t<img src=\"https:\/\/psicotecnicospiedrabuena.com\/wp-content\/uploads\/2019\/03\/002.jpg\" alt=\"002\" width=\"900\" height=\"247\" \/>\r\n\t\t\t\t\t\t\t\t\t\t<div class=\"slideshow_description_box slideshow_transparent\">\r\n\t\t\t\t\t\t<div class=\"slideshow_title\">002<\/div>\t\t\t\t\t\t\t\t\t\t\t<\/div>\r\n\t\t\t\t<\/div>\r\n\r\n\t\t\t\t\t\t<div style=\"clear: both;\"><\/div><\/div><div class=\"slideshow_view\">\r\n\t\t\t\t<div class=\"slideshow_slide slideshow_slide_image\">\r\n\t\t\t\t\t\t\t\t\t\t\t<img src=\"https:\/\/psicotecnicospiedrabuena.com\/wp-content\/uploads\/2019\/03\/003.jpg\" alt=\"003\" width=\"900\" height=\"247\" \/>\r\n\t\t\t\t\t\t\t\t\t\t<div class=\"slideshow_description_box slideshow_transparent\">\r\n\t\t\t\t\t\t<div class=\"slideshow_title\">003<\/div>\t\t\t\t\t\t\t\t\t\t\t<\/div>\r\n\t\t\t\t<\/div>\r\n\r\n\t\t\t\t\t\t<div style=\"clear: both;\"><\/div><\/div><div class=\"slideshow_view\">\r\n\t\t\t\t<div class=\"slideshow_slide slideshow_slide_image\">\r\n\t\t\t\t\t\t\t\t\t\t\t<img src=\"https:\/\/psicotecnicospiedrabuena.com\/wp-content\/uploads\/2019\/03\/004.jpg\" alt=\"004\" width=\"900\" height=\"247\" \/>\r\n\t\t\t\t\t\t\t\t\t\t<div class=\"slideshow_description_box slideshow_transparent\">\r\n\t\t\t\t\t\t<div class=\"slideshow_title\">004<\/div>\t\t\t\t\t\t\t\t\t\t\t<\/div>\r\n\t\t\t\t<\/div>\r\n\r\n\t\t\t\t\t\t<div style=\"clear: both;\"><\/div><\/div><div class=\"slideshow_view\">\r\n\t\t\t\t<div class=\"slideshow_slide slideshow_slide_image\">\r\n\t\t\t\t\t\t\t\t\t\t\t<img src=\"https:\/\/psicotecnicospiedrabuena.com\/wp-content\/uploads\/2019\/03\/005.jpg\" alt=\"005\" width=\"900\" height=\"247\" \/>\r\n\t\t\t\t\t\t\t\t\t\t<div class=\"slideshow_description_box slideshow_transparent\">\r\n\t\t\t\t\t\t<div class=\"slideshow_title\">005<\/div>\t\t\t\t\t\t\t\t\t\t\t<\/div>\r\n\t\t\t\t<\/div>\r\n\r\n\t\t\t\t\t\t<div style=\"clear: both;\"><\/div><\/div>\r\n\t\t<\/div>\r\n\r\n\t\t<div class=\"slideshow_controlPanel slideshow_transparent\" style=\"display: none;\"><ul><li class=\"slideshow_togglePlay\" data-play-text=\"Play\" data-pause-text=\"Pause\"><\/li><\/ul><\/div>\r\n\r\n\t\t<div class=\"slideshow_button slideshow_previous slideshow_transparent\" role=\"button\" data-previous-text=\"Previous\" style=\"display: none;\"><\/div>\r\n\t\t<div class=\"slideshow_button slideshow_next slideshow_transparent\" role=\"button\" data-next-text=\"Next\" style=\"display: none;\"><\/div>\r\n\r\n\t\t<div class=\"slideshow_pagination\" style=\"display: none;\" data-go-to-text=\"Go to slide\"><div class=\"slideshow_pagination_center\"><\/div><\/div>\r\n\r\n\t\t<!-- WordPress Slideshow Version 2.3.1 -->\r\n\r\n\t\t\t<\/div>\r\n\r\n<\/p>\n<p style=\"text-align: center;\">Puedes contactar con nosotros llamando al tel\u00e9fono:<\/p>\n<h1 style=\"text-align: center;\"><span style=\"color: #0088cc;\"><strong>633 730 750<\/strong><\/span><\/h1>\n<p style=\"text-align: center;\">O bien a trav\u00e9s del correo electr\u00f3nico a la direcci\u00f3n:<\/p>\n<h4 style=\"text-align: center;\"><\/h4>\n<h4 style=\"text-align: center;\"><strong><span style=\"color: #0088cc;\">psicotecnicospiedrabuena@gmail.com<\/span><\/strong><\/h4>\n","protected":false},"excerpt":{"rendered":"<p>Puedes contactar con nosotros llamando al tel\u00e9fono: 633 730 750 O bien a trav\u00e9s del correo electr\u00f3nico a la direcci\u00f3n: psicotecnicospiedrabuena@gmail.com<\/p>\n","protected":false},"author":2,"featured_media":0,"parent":0,"menu_order":8,"comment_status":"closed","ping_status":"closed","template":"","meta":{"spay_email":""},"jetpack_sharing_enabled":true,"jetpack_shortlink":"https:\/\/wp.me\/PaR2RI-1l","jetpack-related-posts":[],"_links":{"self":[{"href":"https:\/\/psicotecnicospiedrabuena.com\/index.php\/wp-json\/wp\/v2\/pages\/83"}],"collection":[{"href":"https:\/\/psicotecnicospiedrabuena.com\/index.php\/wp-json\/wp\/v2\/pages"}],"about":[{"href":"https:\/\/psicotecnicospiedrabuena.com\/index.php\/wp-json\/wp\/v2\/types\/page"}],"author":[{"embeddable":true,"href":"https:\/\/psicotecnicospiedrabuena.com\/index.php\/wp-json\/wp\/v2\/users\/2"}],"replies":[{"embeddable":true,"href":"https:\/\/psicotecnicospiedrabuena.com\/index.php\/wp-json\/wp\/v2\/comments?post=83"}],"version-history":[{"count":3,"href":"https:\/\/psicotecnicospiedrabuena.com\/index.php\/wp-json\/wp\/v2\/pages\/83\/revisions"}],"predecessor-version":[{"id":151,"href":"https:\/\/psicotecnicospiedrabuena.com\/index.php\/wp-json\/wp\/v2\/pages\/83\/revisions\/151"}],"wp:attachment":[{"href":"https:\/\/psicotecnicospiedrabuena.com\/index.php\/wp-json\/wp\/v2\/media?parent=83"}],"curies":[{"name":"wp","href":"https:\/\/api.w.org\/{rel}","templated":true}]}}